{"id":6,"date":"2019-04-21T00:30:43","date_gmt":"2019-04-20T22:30:43","guid":{"rendered":"http:\/\/akcieterchova.sk\/?page_id=6"},"modified":"2023-08-06T15:35:34","modified_gmt":"2023-08-06T13:35:34","slug":"uvodna-stranka","status":"publish","type":"page","link":"https:\/\/akcieterchova.sk\/","title":{"rendered":"\u00davodn\u00e1 str\u00e1nka"},"content":{"rendered":"<p>Vitajte na va\u0161ej webovej str\u00e1nke! Toto je va\u0161a domovsk\u00e1 str\u00e1nka. Zobraz\u00ed sa v\u00e4\u010d\u0161ine n\u00e1v\u0161tevn\u00edkov, ktor\u00ed pr\u00eddu na va\u0161u webov\u00fa str\u00e1nku po prv\u00fdkr\u00e1t.<\/p>\n","protected":false},"excerpt":{"rendered":"<p>Vitajte na va\u0161ej webovej str\u00e1nke! Toto je va\u0161a domovsk\u00e1 str\u00e1nka. Zobraz\u00ed sa v\u00e4\u010d\u0161ine n\u00e1v\u0161tevn\u00edkov, ktor\u00ed pr\u00eddu na va\u0161u webov\u00fa str\u00e1nku po prv\u00fdkr\u00e1t.<\/p>\n","protected":false},"author":1,"featured_media":0,"parent":0,"menu_order":0,"comment_status":"closed","ping_status":"closed","template":"","meta":{"footnotes":""},"class_list":["post-6","page","type-page","status-publish","hentry"],"_links":{"self":[{"href":"https:\/\/akcieterchova.sk\/index.php?rest_route=\/wp\/v2\/pages\/6","targetHints":{"allow":["GET"]}}],"collection":[{"href":"https:\/\/akcieterchova.sk\/index.php?rest_route=\/wp\/v2\/pages"}],"about":[{"href":"https:\/\/akcieterchova.sk\/index.php?rest_route=\/wp\/v2\/types\/page"}],"author":[{"embeddable":true,"href":"https:\/\/akcieterchova.sk\/index.php?rest_route=\/wp\/v2\/users\/1"}],"replies":[{"embeddable":true,"href":"https:\/\/akcieterchova.sk\/index.php?rest_route=%2Fwp%2Fv2%2Fcomments&post=6"}],"version-history":[{"count":1,"href":"https:\/\/akcieterchova.sk\/index.php?rest_route=\/wp\/v2\/pages\/6\/revisions"}],"predecessor-version":[{"id":9,"href":"https:\/\/akcieterchova.sk\/index.php?rest_route=\/wp\/v2\/pages\/6\/revisions\/9"}],"wp:attachment":[{"href":"https:\/\/akcieterchova.sk\/index.php?rest_route=%2Fwp%2Fv2%2Fmedia&parent=6"}],"curies":[{"name":"wp","href":"https:\/\/api.w.org\/{rel}","templated":true}]}}